
{"id":608,"date":"2021-06-03T11:35:26","date_gmt":"2021-06-03T11:35:26","guid":{"rendered":"https:\/\/www.papirhajoapartman.hu\/?page_id=608"},"modified":"2023-04-03T11:14:46","modified_gmt":"2023-04-03T11:14:46","slug":"apartman2","status":"publish","type":"page","link":"https:\/\/www.papirhajoapartman.hu\/?page_id=608","title":{"rendered":"Apartman2"},"content":{"rendered":"\t\t<div data-elementor-type=\"wp-page\" data-elementor-id=\"608\" class=\"elementor elementor-608\" data-elementor-settings=\"[]\">\n\t\t\t\t\t\t\t<div class=\"elementor-section-wrap\">\n\t\t\t\t\t\t\t<section class=\"elementor-section elementor-top-section elementor-element elementor-element-b58ed02 elementor-section-full_width elementor-section-height-default elementor-section-height-default exad-glass-effect-no exad-sticky-section-no\" data-id=\"b58ed02\" data-element_type=\"section\">\n\t\t\t\t\t\t<div class=\"elementor-container elementor-column-gap-default\">\n\t\t\t\t\t<div class=\"elementor-column elementor-col-50 elementor-top-column elementor-element elementor-element-e82de35 exad-glass-effect-no exad-sticky-section-no\" data-id=\"e82de35\" data-element_type=\"column\">\n\t\t\t<div class=\"elementor-widget-wrap elementor-element-populated\">\n\t\t\t\t\t\t\t\t<div class=\"elementor-element elementor-element-fe01d7c elementor-pagination-position-inside exad-sticky-section-no exad-glass-effect-no elementor-widget elementor-widget-image-carousel\" data-id=\"fe01d7c\" data-element_type=\"widget\" data-settings=\"{&quot;slides_to_show&quot;:&quot;1&quot;,&quot;navigation&quot;:&quot;dots&quot;,&quot;autoplay&quot;:&quot;yes&quot;,&quot;pause_on_hover&quot;:&quot;yes&quot;,&quot;pause_on_interaction&quot;:&quot;yes&quot;,&quot;autoplay_speed&quot;:5000,&quot;infinite&quot;:&quot;yes&quot;,&quot;effect&quot;:&quot;slide&quot;,&quot;speed&quot;:500}\" data-widget_type=\"image-carousel.default\">\n\t\t\t\t<div class=\"elementor-widget-container\">\n\t\t\t\t\t<div class=\"elementor-image-carousel-wrapper swiper-container\" dir=\"ltr\">\n\t\t\t<div class=\"elementor-image-carousel swiper-wrapper swiper-image-stretch\">\n\t\t\t\t<div class=\"swiper-slide\"><figure class=\"swiper-slide-inner\"><img decoding=\"async\" class=\"swiper-slide-image\" src=\"https:\/\/www.papirhajoapartman.hu\/wp-content\/uploads\/2021\/06\/em_01-768x1024.jpg\" alt=\"qrf\" \/><\/figure><\/div><div class=\"swiper-slide\"><figure class=\"swiper-slide-inner\"><img decoding=\"async\" class=\"swiper-slide-image\" src=\"https:\/\/www.papirhajoapartman.hu\/wp-content\/uploads\/2021\/06\/em_02-768x1024.jpg\" alt=\"qrf\" \/><\/figure><\/div><div class=\"swiper-slide\"><figure class=\"swiper-slide-inner\"><img decoding=\"async\" class=\"swiper-slide-image\" src=\"https:\/\/www.papirhajoapartman.hu\/wp-content\/uploads\/2021\/06\/em_03-768x1024.jpg\" alt=\"qrf\" \/><\/figure><\/div><div class=\"swiper-slide\"><figure class=\"swiper-slide-inner\"><img decoding=\"async\" class=\"swiper-slide-image\" src=\"https:\/\/www.papirhajoapartman.hu\/wp-content\/uploads\/2021\/06\/em_04-768x1024.jpg\" alt=\"qrf\" \/><\/figure><\/div><div class=\"swiper-slide\"><figure class=\"swiper-slide-inner\"><img decoding=\"async\" class=\"swiper-slide-image\" src=\"https:\/\/www.papirhajoapartman.hu\/wp-content\/uploads\/2021\/06\/em_05-768x1024.jpg\" alt=\"qrf\" \/><\/figure><\/div><div class=\"swiper-slide\"><figure class=\"swiper-slide-inner\"><img decoding=\"async\" class=\"swiper-slide-image\" src=\"https:\/\/www.papirhajoapartman.hu\/wp-content\/uploads\/2021\/06\/em_06-768x1024.jpg\" alt=\"qrf\" \/><\/figure><\/div><div class=\"swiper-slide\"><figure class=\"swiper-slide-inner\"><img decoding=\"async\" class=\"swiper-slide-image\" src=\"https:\/\/www.papirhajoapartman.hu\/wp-content\/uploads\/2021\/06\/em_07-768x1024.jpg\" alt=\"qrf\" \/><\/figure><\/div><div class=\"swiper-slide\"><figure class=\"swiper-slide-inner\"><img decoding=\"async\" class=\"swiper-slide-image\" src=\"https:\/\/www.papirhajoapartman.hu\/wp-content\/uploads\/2021\/06\/em_08-768x1024.jpg\" alt=\"qrf\" \/><\/figure><\/div><div class=\"swiper-slide\"><figure class=\"swiper-slide-inner\"><img decoding=\"async\" class=\"swiper-slide-image\" src=\"https:\/\/www.papirhajoapartman.hu\/wp-content\/uploads\/2021\/06\/em_09-768x1024.jpg\" alt=\"qrf\" \/><\/figure><\/div><div class=\"swiper-slide\"><figure class=\"swiper-slide-inner\"><img decoding=\"async\" class=\"swiper-slide-image\" src=\"https:\/\/www.papirhajoapartman.hu\/wp-content\/uploads\/2021\/06\/em_10-768x1024.jpg\" alt=\"qrf\" \/><\/figure><\/div><div class=\"swiper-slide\"><figure class=\"swiper-slide-inner\"><img decoding=\"async\" class=\"swiper-slide-image\" src=\"https:\/\/www.papirhajoapartman.hu\/wp-content\/uploads\/2021\/06\/em_11-768x1024.jpg\" alt=\"qrf\" \/><\/figure><\/div>\t\t\t<\/div>\n\t\t\t\t\t\t\t\t\t\t\t\t<div class=\"swiper-pagination\"><\/div>\n\t\t\t\t\t\t\t\t\t\t\t\t\t<\/div>\n\t\t\t\t<\/div>\n\t\t\t\t<\/div>\n\t\t\t\t\t<\/div>\n\t\t<\/div>\n\t\t\t\t<div class=\"elementor-column elementor-col-50 elementor-top-column elementor-element elementor-element-c46f4de exad-glass-effect-no exad-sticky-section-no\" data-id=\"c46f4de\" data-element_type=\"column\" data-settings=\"{&quot;background_background&quot;:&quot;classic&quot;}\">\n\t\t\t<div class=\"elementor-widget-wrap elementor-element-populated\">\n\t\t\t\t\t\t\t\t<div class=\"elementor-element elementor-element-f781a97 exad-sticky-section-no exad-glass-effect-no elementor-widget elementor-widget-shortcode\" data-id=\"f781a97\" data-element_type=\"widget\" data-widget_type=\"shortcode.default\">\n\t\t\t\t<div class=\"elementor-widget-container\">\n\t\t\t\t\t<div class=\"elementor-shortcode\">\n\t\t\t\t<div class=\"abc-singlecalendar\" data-checkin-69f264b369e21=\"0\" data-offset-69f264b369e21=\"0\" data-month-69f264b369e21=\"0\" id=\"abc_singlecalendar_69f264b369e21\">\n\t\t\t\t\t<div class=\"abc-box abc-single-row\">\n\t\t\t\t\t\t<div data-calendar=\"2\" data-id=\"69f264b369e21\" class=\"abc-box abc-button abc-single-button-left\">\n\t\t\t\t\t\t\t<button class=\"fa fa-chevron-left abc-button-rl\"><\/button>\n\t\t\t\t\t\t<\/div>\n\t\t\t\t\t\t<div class=\"abc-box abc-month\">\n\t\t\t\t\t\t\t<img decoding=\"async\" alt=\"Bet\u00f6lt\u00e9s...\" src=\"https:\/\/www.papirhajoapartman.hu\/wp-admin\/images\/wpspin_light.gif\" class=\"waiting\" id=\"abc_single_loading-69f264b369e21\" style=\"display:none\" \/><span id=\"singlecalendar-month-69f264b369e21\">\u00e1prilis 2026<\/span><\/div>\n\t\t\t\t\t\t\t<div data-calendar=\"2\" data-id=\"69f264b369e21\" class=\"abc-box abc-button abc-single-button-right\">\n\t\t\t\t\t\t\t\t<button class=\"fa fa-chevron-right abc-button-rl\"><\/button>\n\t\t\t\t\t\t<\/div>\n\t\t\t\t\t<\/div>\n\t\t\t\t\t<div class=\"abc-box abc-single-row\">\n\t\t\t\t\t<div class=\"abc-box abc-col-day abc-dayname\">H\u00e9<\/div>\n\t\t\t\t\t<div class=\"abc-box abc-col-day abc-dayname abc-dotted\">Ke<\/div>\n\t\t\t\t\t<div class=\"abc-box abc-col-day abc-dayname abc-dotted\">Sze<\/div>\n\t\t\t\t\t<div class=\"abc-box abc-col-day abc-dayname abc-dotted\">Cs\u00fc<\/div>\n\t\t\t\t\t<div class=\"abc-box abc-col-day abc-dayname abc-dotted\">P\u00e9<\/div>\n\t\t\t\t\t<div class=\"abc-box abc-col-day abc-dayname abc-dotted\">Szo<\/div>\n\t\t\t\t\t<div class=\"abc-box abc-col-day abc-dayname abc-dotted\">Va<\/div>\n\t\t\t\t\t<\/div>\n\t\t\t\t\t<div id=\"abc-calendar-days-69f264b369e21\">\n\t\t\t\t\t\t<div class=\"abc-box abc-single-row\"><div class=\"abc-box abc-col-day \">&nbsp;<\/div><div class=\"abc-box abc-col-day abc-dotted \">&nbsp;<\/div><div title=\"\" data-calendar=\"2\" data-id=\"69f264b369e21\" data-date=\"2026-04-01\" class=\"abc-box abc-col-day abc-dotted abc-past abc-date-item \" id=\"abc-day-69f264b369e212026-04-01\">1<br \/><span class=\"abc-single-price\"><\/span><\/div><div title=\"\" data-calendar=\"2\" data-id=\"69f264b369e21\" data-date=\"2026-04-02\" class=\"abc-box abc-col-day abc-dotted abc-past abc-date-item \" id=\"abc-day-69f264b369e212026-04-02\">2<br \/><span class=\"abc-single-price\"><\/span><\/div><div title=\"\" data-calendar=\"2\" data-id=\"69f264b369e21\" data-date=\"2026-04-03\" class=\"abc-box abc-col-day abc-dotted abc-past abc-date-item \" id=\"abc-day-69f264b369e212026-04-03\">3<br \/><span class=\"abc-single-price\"><\/span><\/div><div title=\"\" data-calendar=\"2\" data-id=\"69f264b369e21\" data-date=\"2026-04-04\" class=\"abc-box abc-col-day abc-dotted abc-past abc-date-item \" id=\"abc-day-69f264b369e212026-04-04\">4<br \/><span class=\"abc-single-price\"><\/span><\/div><div title=\"\" data-calendar=\"2\" data-id=\"69f264b369e21\" data-date=\"2026-04-05\" class=\"abc-box abc-col-day abc-dotted abc-past abc-date-item \" id=\"abc-day-69f264b369e212026-04-05\">5<br \/><span class=\"abc-single-price\"><\/span><\/div><\/div><div class=\"abc-box abc-single-row\"><div title=\"\" data-calendar=\"2\" data-id=\"69f264b369e21\" data-date=\"2026-04-06\" class=\"abc-box abc-col-day abc-past abc-date-item \" id=\"abc-day-69f264b369e212026-04-06\">6<br \/><span class=\"abc-single-price\"><\/span><\/div><div title=\"\" data-calendar=\"2\" data-id=\"69f264b369e21\" data-date=\"2026-04-07\" class=\"abc-box abc-col-day abc-dotted abc-past abc-date-item \" id=\"abc-day-69f264b369e212026-04-07\">7<br \/><span class=\"abc-single-price\"><\/span><\/div><div title=\"\" data-calendar=\"2\" data-id=\"69f264b369e21\" data-date=\"2026-04-08\" class=\"abc-box abc-col-day abc-dotted abc-past abc-date-item \" id=\"abc-day-69f264b369e212026-04-08\">8<br \/><span class=\"abc-single-price\"><\/span><\/div><div title=\"\" data-calendar=\"2\" data-id=\"69f264b369e21\" data-date=\"2026-04-09\" class=\"abc-box abc-col-day abc-dotted abc-past abc-date-item \" id=\"abc-day-69f264b369e212026-04-09\">9<br \/><span class=\"abc-single-price\"><\/span><\/div><div title=\"\" data-calendar=\"2\" data-id=\"69f264b369e21\" data-date=\"2026-04-10\" class=\"abc-box abc-col-day abc-dotted abc-past abc-date-item \" id=\"abc-day-69f264b369e212026-04-10\">10<br \/><span class=\"abc-single-price\"><\/span><\/div><div title=\"\" data-calendar=\"2\" data-id=\"69f264b369e21\" data-date=\"2026-04-11\" class=\"abc-box abc-col-day abc-dotted abc-past abc-date-item \" id=\"abc-day-69f264b369e212026-04-11\">11<br \/><span class=\"abc-single-price\"><\/span><\/div><div title=\"\" data-calendar=\"2\" data-id=\"69f264b369e21\" data-date=\"2026-04-12\" class=\"abc-box abc-col-day abc-dotted abc-past abc-date-item \" id=\"abc-day-69f264b369e212026-04-12\">12<br \/><span class=\"abc-single-price\"><\/span><\/div><\/div><div class=\"abc-box abc-single-row\"><div title=\"\" data-calendar=\"2\" data-id=\"69f264b369e21\" data-date=\"2026-04-13\" class=\"abc-box abc-col-day abc-past abc-date-item \" id=\"abc-day-69f264b369e212026-04-13\">13<br \/><span class=\"abc-single-price\"><\/span><\/div><div title=\"\" data-calendar=\"2\" data-id=\"69f264b369e21\" data-date=\"2026-04-14\" class=\"abc-box abc-col-day abc-dotted abc-past abc-date-item \" id=\"abc-day-69f264b369e212026-04-14\">14<br \/><span class=\"abc-single-price\"><\/span><\/div><div title=\"\" data-calendar=\"2\" data-id=\"69f264b369e21\" data-date=\"2026-04-15\" class=\"abc-box abc-col-day abc-dotted abc-past abc-date-item \" id=\"abc-day-69f264b369e212026-04-15\">15<br \/><span class=\"abc-single-price\"><\/span><\/div><div title=\"\" data-calendar=\"2\" data-id=\"69f264b369e21\" data-date=\"2026-04-16\" class=\"abc-box abc-col-day abc-dotted abc-past abc-date-item \" id=\"abc-day-69f264b369e212026-04-16\">16<br \/><span class=\"abc-single-price\"><\/span><\/div><div title=\"\" data-calendar=\"2\" data-id=\"69f264b369e21\" data-date=\"2026-04-17\" class=\"abc-box abc-col-day abc-dotted abc-past abc-date-item \" id=\"abc-day-69f264b369e212026-04-17\">17<br \/><span class=\"abc-single-price\"><\/span><\/div><div title=\"\" data-calendar=\"2\" data-id=\"69f264b369e21\" data-date=\"2026-04-18\" class=\"abc-box abc-col-day abc-dotted abc-past abc-date-item \" id=\"abc-day-69f264b369e212026-04-18\">18<br \/><span class=\"abc-single-price\"><\/span><\/div><div title=\"\" data-calendar=\"2\" data-id=\"69f264b369e21\" data-date=\"2026-04-19\" class=\"abc-box abc-col-day abc-dotted abc-past abc-date-item \" id=\"abc-day-69f264b369e212026-04-19\">19<br \/><span class=\"abc-single-price\"><\/span><\/div><\/div><div class=\"abc-box abc-single-row\"><div title=\"\" data-calendar=\"2\" data-id=\"69f264b369e21\" data-date=\"2026-04-20\" class=\"abc-box abc-col-day abc-past abc-date-item \" id=\"abc-day-69f264b369e212026-04-20\">20<br \/><span class=\"abc-single-price\"><\/span><\/div><div title=\"\" data-calendar=\"2\" data-id=\"69f264b369e21\" data-date=\"2026-04-21\" class=\"abc-box abc-col-day abc-dotted abc-past abc-date-item \" id=\"abc-day-69f264b369e212026-04-21\">21<br \/><span class=\"abc-single-price\"><\/span><\/div><div title=\"\" data-calendar=\"2\" data-id=\"69f264b369e21\" data-date=\"2026-04-22\" class=\"abc-box abc-col-day abc-dotted abc-past abc-date-item \" id=\"abc-day-69f264b369e212026-04-22\">22<br \/><span class=\"abc-single-price\"><\/span><\/div><div title=\"\" data-calendar=\"2\" data-id=\"69f264b369e21\" data-date=\"2026-04-23\" class=\"abc-box abc-col-day abc-dotted abc-past abc-date-item \" id=\"abc-day-69f264b369e212026-04-23\">23<br \/><span class=\"abc-single-price\"><\/span><\/div><div title=\"\" data-calendar=\"2\" data-id=\"69f264b369e21\" data-date=\"2026-04-24\" class=\"abc-box abc-col-day abc-dotted abc-past abc-date-item \" id=\"abc-day-69f264b369e212026-04-24\">24<br \/><span class=\"abc-single-price\"><\/span><\/div><div title=\"\" data-calendar=\"2\" data-id=\"69f264b369e21\" data-date=\"2026-04-25\" class=\"abc-box abc-col-day abc-dotted abc-past abc-date-item \" id=\"abc-day-69f264b369e212026-04-25\">25<br \/><span class=\"abc-single-price\"><\/span><\/div><div title=\"\" data-calendar=\"2\" data-id=\"69f264b369e21\" data-date=\"2026-04-26\" class=\"abc-box abc-col-day abc-dotted abc-past abc-date-item \" id=\"abc-day-69f264b369e212026-04-26\">26<br \/><span class=\"abc-single-price\"><\/span><\/div><\/div><div class=\"abc-box abc-single-row\"><div title=\"\" data-calendar=\"2\" data-id=\"69f264b369e21\" data-date=\"2026-04-27\" class=\"abc-box abc-col-day abc-past abc-date-item \" id=\"abc-day-69f264b369e212026-04-27\">27<br \/><span class=\"abc-single-price\"><\/span><\/div><div title=\"\" data-calendar=\"2\" data-id=\"69f264b369e21\" data-date=\"2026-04-28\" class=\"abc-box abc-col-day abc-dotted abc-past abc-date-item \" id=\"abc-day-69f264b369e212026-04-28\">28<br \/><span class=\"abc-single-price\"><\/span><\/div><div title=\"El\u00e9rhet\u0151:\n2026-04-29: 49.000 Ft\" data-calendar=\"2\" data-id=\"69f264b369e21\" data-date=\"2026-04-29\" class=\"abc-box abc-col-day abc-dotted abc-avail abc-date-selector abc-date-item \" id=\"abc-day-69f264b369e212026-04-29\">29<br \/><span class=\"abc-single-price\">49.000 Ft<\/span><\/div><div title=\"El\u00e9rhet\u0151:\n2026-04-30: 49.000 Ft\" data-calendar=\"2\" data-id=\"69f264b369e21\" data-date=\"2026-04-30\" class=\"abc-box abc-col-day abc-dotted abc-avail abc-date-selector abc-date-item \" id=\"abc-day-69f264b369e212026-04-30\">30<br \/><span class=\"abc-single-price\">49.000 Ft<\/span><\/div><\/div>\n\t\t\t\t\t<\/div><div class=\"abc-single-legend\">\n\t\t\t\t\t\t\t\t\t\t\t<span class=\"fa fa-square-o abc-single-legend-available\"><\/span>\n\t\t\t\t\t\t\t\t\t\t\tEl\u00e9rhet\u0151<span class=\"fa fa-square abc-single-legend-fully\"><\/span>\n\t\t\t\t\t\t\t\t\t\tTeljesen lefoglalt\n\t\t\t\t\t\t\t\t\t\t<\/div><div id=\"abc-booking-69f264b369e21\" class=\"abc-booking-selection\">\n\t\t\t\t\t<\/div>\n\t\t\t\t<\/div><\/div>\n\t\t\t\t<\/div>\n\t\t\t\t<\/div>\n\t\t\t\t<div class=\"elementor-element elementor-element-15ce0d6 exad-sticky-section-no exad-glass-effect-no elementor-widget elementor-widget-heading\" data-id=\"15ce0d6\" data-element_type=\"widget\" data-widget_type=\"heading.default\">\n\t\t\t\t<div class=\"elementor-widget-container\">\n\t\t\t<h2 class=\"elementor-heading-title elementor-size-default\">Pap\u00edrhaj\u00f3 \u21162<\/h2>\t\t<\/div>\n\t\t\t\t<\/div>\n\t\t\t\t<div class=\"elementor-element elementor-element-c3b7af1 exad-sticky-section-no exad-glass-effect-no elementor-widget elementor-widget-text-editor\" data-id=\"c3b7af1\" data-element_type=\"widget\" data-widget_type=\"text-editor.default\">\n\t\t\t\t<div class=\"elementor-widget-container\">\n\t\t\t\t\t\t\t\t<p>A PAP\u00cdRHAJ\u00d3 Apartman a balatonf\u0171zf\u0151i vitorl\u00e1skik\u00f6t\u0151 k\u00f6zvetlen szomsz\u00e9ds\u00e1g\u00e1ban tal\u00e1lhat\u00f3. A h\u00e1zban k\u00e9t k\u00fcl\u00f6n bej\u00e1rat\u00fa, kl\u00edm\u00e1val felszerelt apartman foglalhat\u00f3. H\u00e1l\u00f3szob\u00e1ink mindegyike balatoni panor\u00e1m\u00e1val rendelkezik. Az Apartman saj\u00e1t kertje, Balatonra n\u00e9z\u0151 terasza \u00e9s kerti s\u00fct\u00f6get\u0151je tov\u00e1bbi lehet\u0151s\u00e9geket ad a kikapcsol\u00f3d\u00e1sra. Az akt\u00edv pihen\u00e9st kedvel\u0151k a Balatoni Bringak\u00f6rt a h\u00e1z el\u0151tt, a parti s\u00e9t\u00e1nyt pedig a kert v\u00e9g\u00e9ben tal\u00e1lj\u00e1k.<\/p><p>\u00a0<\/p><ul><li>56 m<sup>2<\/sup>-es k\u00e9tszintes, emeleti, eg\u00e9sz \u00e9vben foglalhat\u00f3 apartman<\/li><li>3 szoba <em>(\u00e1gynem\u0171r\u0151l \u00e9s huzatr\u00f3l, valamint t\u00f6r\u00f6lk\u00f6z\u0151r\u0151l mi gondoskodunk)<\/em><\/li><li>t\u00e1gas f\u00fcrd\u0151szoba &amp; WC<\/li><li>j\u00f3l felszerelt konyha &amp; \u00e9tkez\u0151 &amp; Tchibo Cafissimo k\u00e1v\u00e9f\u0151z\u0151 <br \/><em>(hozz\u00e1 megfelel\u0151 kapszul\u00e1k a konyh\u00e1ban v\u00e1rnak)<\/em><\/li><li>kl\u00edm\u00e1val felszerelt apartman<\/li><li>TV &amp; internet<\/li><li>Balatonra n\u00e9z\u0151 erk\u00e9ly<\/li><li>7 f\u0151 r\u00e9sz\u00e9re<\/li><li>\u00e9p\u00edtett kerti s\u00fct\u00f6get\u0151<\/li><\/ul>\t\t\t\t\t\t<\/div>\n\t\t\t\t<\/div>\n\t\t\t\t<div class=\"elementor-element elementor-element-e6b779f exad-sticky-section-no exad-glass-effect-no elementor-widget elementor-widget-text-editor\" data-id=\"e6b779f\" data-element_type=\"widget\" data-widget_type=\"text-editor.default\">\n\t\t\t\t<div class=\"elementor-widget-container\">\n\t\t\t\t\t\t\t\t<h4><strong style=\"background-color: var(--global--color-background); color: var(--global--color-primary); font-family: var(--global--font-secondary); font-size: var(--global--font-size-base);\">55.000 Ft <\/strong><span style=\"background-color: var(--global--color-background); color: var(--global--color-primary); font-family: var(--global--font-secondary); font-size: var(--global--font-size-base); font-weight: normal;\">\/ apartman \/ \u00e9j<\/span><\/h4><div>\u00a0<\/div><hr \/><p><em>Teljes h\u00e1z foglal\u00e1sa eset\u00e9n, illetve hossz\u00fa tart\u00f3zkod\u00e1s alkalm\u00e1val kedvezm\u00e9nyek \u00e9rhet\u0151k el.<\/em><\/p><div class=\"jn8vp64t l9j0dhe7 hpfvmrgz\"><div class=\"lzcic4wl\" tabindex=\"0\" role=\"gridcell\" data-scope=\"messages_table\" data-recover=\"true\"><div class=\"ni8dbmo4 stjgntxs g5ia77u1 ii04i59q j83agx80 cbu4d94t ll8tlv6m\" aria-owns=\"jsc_c_2w6\" data-testid=\"messenger_incoming_text_row\"><div class=\"l60d2q6s d1544ag0 sj5x9vvc tw6a2znq l9j0dhe7 ni8dbmo4 stjgntxs qlfml3jp inkptoze e72ty7fz qmr60zad jm1wdb64 qv66sw1b ljqsnud1 g6srhlxm odn2s2vf\"><div class=\"oo9gr5id\" dir=\"auto\"><em>A megjel\u00f6lt \u00e1rak nem tartalmazz\u00e1k az idegenforgalmi ad\u00f3t.<\/em><\/div><div class=\"oo9gr5id\" dir=\"auto\"><em>\u00c1gynem\u0171t, huzatot \u00e9s t\u00f6r\u00f6lk\u00f6z\u0151t biztos\u00edtunk a foglal\u00e1s id\u0151tartam\u00e1ra.<\/em><\/div><\/div><\/div><\/div><\/div>\t\t\t\t\t\t<\/div>\n\t\t\t\t<\/div>\n\t\t\t\t\t<\/div>\n\t\t<\/div>\n\t\t\t\t\t\t\t<\/div>\n\t\t<\/section>\n\t\t\t\t\t\t<\/div>\n\t\t\t\t\t<\/div>\n\t\t","protected":false},"excerpt":{"rendered":"<p>Pap\u00edrhaj\u00f3 \u21162 A PAP\u00cdRHAJ\u00d3 Apartman a balatonf\u0171zf\u0151i vitorl\u00e1skik\u00f6t\u0151 k\u00f6zvetlen szomsz\u00e9ds\u00e1g\u00e1ban tal\u00e1lhat\u00f3. A h\u00e1zban k\u00e9t k\u00fcl\u00f6n bej\u00e1rat\u00fa, kl\u00edm\u00e1val felszerelt apartman foglalhat\u00f3. H\u00e1l\u00f3szob\u00e1ink mindegyike balatoni panor\u00e1m\u00e1val rendelkezik. Az Apartman saj\u00e1t kertje, Balatonra n\u00e9z\u0151 terasza \u00e9s kerti s\u00fct\u00f6get\u0151je tov\u00e1bbi lehet\u0151s\u00e9geket ad a kikapcsol\u00f3d\u00e1sra. Az akt\u00edv pihen\u00e9st kedvel\u0151k a Balatoni Bringak\u00f6rt a h\u00e1z el\u0151tt, a parti s\u00e9t\u00e1nyt pedig a&hellip; <a class=\"more-link\" href=\"https:\/\/www.papirhajoapartman.hu\/?page_id=608\"><span class=\"screen-reader-text\">Apartman2<\/span> olvas\u00e1s\u00e1nak folytat\u00e1sa<\/a><\/p>\n","protected":false},"author":1,"featured_media":0,"parent":0,"menu_order":0,"comment_status":"closed","ping_status":"closed","template":"elementor_canvas","meta":{"footnotes":""},"class_list":["post-608","page","type-page","status-publish","hentry","entry"],"_links":{"self":[{"href":"https:\/\/www.papirhajoapartman.hu\/index.php?rest_route=\/wp\/v2\/pages\/608","targetHints":{"allow":["GET"]}}],"collection":[{"href":"https:\/\/www.papirhajoapartman.hu\/index.php?rest_route=\/wp\/v2\/pages"}],"about":[{"href":"https:\/\/www.papirhajoapartman.hu\/index.php?rest_route=\/wp\/v2\/types\/page"}],"author":[{"embeddable":true,"href":"https:\/\/www.papirhajoapartman.hu\/index.php?rest_route=\/wp\/v2\/users\/1"}],"replies":[{"embeddable":true,"href":"https:\/\/www.papirhajoapartman.hu\/index.php?rest_route=%2Fwp%2Fv2%2Fcomments&post=608"}],"version-history":[{"count":166,"href":"https:\/\/www.papirhajoapartman.hu\/index.php?rest_route=\/wp\/v2\/pages\/608\/revisions"}],"predecessor-version":[{"id":2055,"href":"https:\/\/www.papirhajoapartman.hu\/index.php?rest_route=\/wp\/v2\/pages\/608\/revisions\/2055"}],"wp:attachment":[{"href":"https:\/\/www.papirhajoapartman.hu\/index.php?rest_route=%2Fwp%2Fv2%2Fmedia&parent=608"}],"curies":[{"name":"wp","href":"https:\/\/api.w.org\/{rel}","templated":true}]}}